{"id":71,"date":"2025-09-23T16:45:07","date_gmt":"2025-09-23T16:45:07","guid":{"rendered":"http:\/\/cmcarmona.com\/?page_id=71"},"modified":"2025-09-24T16:55:42","modified_gmt":"2025-09-24T16:55:42","slug":"quienes-somos","status":"publish","type":"page","link":"http:\/\/cmcarmona.com\/index.php\/quienes-somos\/","title":{"rendered":"Quienes Somos"},"content":{"rendered":"\t\t<div data-elementor-type=\"wp-page\" data-elementor-id=\"71\" class=\"elementor elementor-71\">\n\t\t\t\t<div class=\"elementor-element elementor-element-0929c41 e-flex e-con-boxed e-con e-parent\" data-id=\"0929c41\" data-element_type=\"container\">\n\t\t\t\t\t<div class=\"e-con-inner\">\n\t\t<div class=\"elementor-element elementor-element-5df4324 e-con-full e-flex e-con e-child\" data-id=\"5df4324\" data-element_type=\"container\">\n\t\t\t\t<div class=\"elementor-element elementor-element-13250ed elementor-widget elementor-widget-image\" data-id=\"13250ed\" data-element_type=\"widget\" data-widget_type=\"image.default\">\n\t\t\t\t\t\t\t\t\t\t\t\t\t\t\t<img decoding=\"async\" src=\"http:\/\/cmcarmona.com\/wp-content\/uploads\/2025\/09\/carmona-150x150.jpg\" title=\"carmona\" alt=\"carmona\" loading=\"lazy\" \/>\t\t\t\t\t\t\t\t\t\t\t\t\t\t\t<\/div>\n\t\t\t\t<\/div>\n\t\t<div class=\"elementor-element elementor-element-46868c2 e-con-full e-flex e-con e-child\" data-id=\"46868c2\" data-element_type=\"container\">\n\t\t\t\t<div class=\"elementor-element elementor-element-59d2d3e elementor-widget elementor-widget-heading\" data-id=\"59d2d3e\" data-element_type=\"widget\" data-widget_type=\"heading.default\">\n\t\t\t\t\t<h2 class=\"elementor-heading-title elementor-size-default\">En Carpinter\u00eda Met\u00e1lica Carmona somos una empresa familiar dedicada a la fabricaci\u00f3n e instalaci\u00f3n de cerramientos de aluminio.\nCon experiencia en el sector desde 1991, ofrecemos soluciones a medida para viviendas, negocios e industrias, siempre con un trato cercano y profesional<\/h2>\t\t\t\t<\/div>\n\t\t\t\t<\/div>\n\t\t\t\t\t<\/div>\n\t\t\t\t<\/div>\n\t\t\t\t<\/div>\n\t\t","protected":false},"excerpt":{"rendered":"<p>En Carpinter\u00eda Met\u00e1lica Carmona somos una empresa familiar dedicada a la fabricaci\u00f3n e instalaci\u00f3n de cerramientos de aluminio. Con experiencia [&hellip;]<\/p>\n","protected":false},"author":1,"featured_media":0,"parent":0,"menu_order":0,"comment_status":"closed","ping_status":"closed","template":"","meta":{"site-sidebar-layout":"no-sidebar","site-content-layout":"","ast-site-content-layout":"full-width-container","site-content-style":"default","site-sidebar-style":"default","ast-global-header-display":"","ast-banner-title-visibility":"","ast-main-header-display":"","ast-hfb-above-header-display":"","ast-hfb-below-header-display":"","ast-hfb-mobile-header-display":"","site-post-title":"","ast-breadcrumbs-content":"","ast-featured-img":"disabled","footer-sml-layout":"","theme-transparent-header-meta":"","adv-header-id-meta":"","stick-header-meta":"","header-above-stick-meta":"","header-main-stick-meta":"","header-below-stick-meta":"","astra-migrate-meta-layouts":"default","ast-page-background-enabled":"default","ast-page-background-meta":{"desktop":{"background-color":"var(--ast-global-color-5)","background-image":"","background-repeat":"repeat","background-position":"center center","background-size":"auto","background-attachment":"scroll","background-type":"","background-media":"","overlay-type":"","overlay-color":"","overlay-opacity":"","overlay-gradient":""},"tablet":{"background-color":"","background-image":"","background-repeat":"repeat","background-position":"center center","background-size":"auto","background-attachment":"scroll","background-type":"","background-media":"","overlay-type":"","overlay-color":"","overlay-opacity":"","overlay-gradient":""},"mobile":{"background-color":"","background-image":"","background-repeat":"repeat","background-position":"center center","background-size":"auto","background-attachment":"scroll","background-type":"","background-media":"","overlay-type":"","overlay-color":"","overlay-opacity":"","overlay-gradient":""}},"ast-content-background-meta":{"desktop":{"background-color":"var(--ast-global-color-4)","background-image":"","background-repeat":"repeat","background-position":"center center","background-size":"auto","background-attachment":"scroll","background-type":"","background-media":"","overlay-type":"","overlay-color":"","overlay-opacity":"","overlay-gradient":""},"tablet":{"background-color":"var(--ast-global-color-4)","background-image":"","background-repeat":"repeat","background-position":"center center","background-size":"auto","background-attachment":"scroll","background-type":"","background-media":"","overlay-type":"","overlay-color":"","overlay-opacity":"","overlay-gradient":""},"mobile":{"background-color":"var(--ast-global-color-4)","background-image":"","background-repeat":"repeat","background-position":"center center","background-size":"auto","background-attachment":"scroll","background-type":"","background-media":"","overlay-type":"","overlay-color":"","overlay-opacity":"","overlay-gradient":""}},"footnotes":""},"class_list":["post-71","page","type-page","status-publish","hentry"],"yoast_head":"<!-- This site is optimized with the Yoast SEO plugin v25.9 - https:\/\/yoast.com\/wordpress\/plugins\/seo\/ -->\n<title>Quienes Somos - Carpinter\u00eda Met\u00e1lica Carmona<\/title>\n<meta name=\"robots\" content=\"index, follow, max-snippet:-1, max-image-preview:large, max-video-preview:-1\" \/>\n<link rel=\"canonical\" href=\"http:\/\/cmcarmona.com\/index.php\/quienes-somos\/\" \/>\n<meta property=\"og:locale\" content=\"es_ES\" \/>\n<meta property=\"og:type\" content=\"article\" \/>\n<meta property=\"og:title\" content=\"Quienes Somos - Carpinter\u00eda Met\u00e1lica Carmona\" \/>\n<meta property=\"og:description\" content=\"En Carpinter\u00eda Met\u00e1lica Carmona somos una empresa familiar dedicada a la fabricaci\u00f3n e instalaci\u00f3n de cerramientos de aluminio. Con experiencia [&hellip;]\" \/>\n<meta property=\"og:url\" content=\"http:\/\/cmcarmona.com\/index.php\/quienes-somos\/\" \/>\n<meta property=\"og:site_name\" content=\"Carpinter\u00eda Met\u00e1lica Carmona\" \/>\n<meta property=\"article:modified_time\" content=\"2025-09-24T16:55:42+00:00\" \/>\n<meta property=\"og:image\" content=\"http:\/\/cmcarmona.com\/wp-content\/uploads\/2025\/09\/carmona-150x150.jpg\" \/>\n<meta name=\"twitter:card\" content=\"summary_large_image\" \/>\n<meta name=\"twitter:label1\" content=\"Tiempo de lectura\" \/>\n\t<meta name=\"twitter:data1\" content=\"1 minuto\" \/>\n<script type=\"application\/ld+json\" class=\"yoast-schema-graph\">{\"@context\":\"https:\/\/schema.org\",\"@graph\":[{\"@type\":\"WebPage\",\"@id\":\"http:\/\/cmcarmona.com\/index.php\/quienes-somos\/\",\"url\":\"http:\/\/cmcarmona.com\/index.php\/quienes-somos\/\",\"name\":\"Quienes Somos - Carpinter\u00eda Met\u00e1lica Carmona\",\"isPartOf\":{\"@id\":\"https:\/\/cmcarmona.com\/#website\"},\"primaryImageOfPage\":{\"@id\":\"http:\/\/cmcarmona.com\/index.php\/quienes-somos\/#primaryimage\"},\"image\":{\"@id\":\"http:\/\/cmcarmona.com\/index.php\/quienes-somos\/#primaryimage\"},\"thumbnailUrl\":\"http:\/\/cmcarmona.com\/wp-content\/uploads\/2025\/09\/carmona-150x150.jpg\",\"datePublished\":\"2025-09-23T16:45:07+00:00\",\"dateModified\":\"2025-09-24T16:55:42+00:00\",\"breadcrumb\":{\"@id\":\"http:\/\/cmcarmona.com\/index.php\/quienes-somos\/#breadcrumb\"},\"inLanguage\":\"es\",\"potentialAction\":[{\"@type\":\"ReadAction\",\"target\":[\"http:\/\/cmcarmona.com\/index.php\/quienes-somos\/\"]}]},{\"@type\":\"ImageObject\",\"inLanguage\":\"es\",\"@id\":\"http:\/\/cmcarmona.com\/index.php\/quienes-somos\/#primaryimage\",\"url\":\"http:\/\/cmcarmona.com\/wp-content\/uploads\/2025\/09\/carmona-150x150.jpg\",\"contentUrl\":\"http:\/\/cmcarmona.com\/wp-content\/uploads\/2025\/09\/carmona-150x150.jpg\"},{\"@type\":\"BreadcrumbList\",\"@id\":\"http:\/\/cmcarmona.com\/index.php\/quienes-somos\/#breadcrumb\",\"itemListElement\":[{\"@type\":\"ListItem\",\"position\":1,\"name\":\"Portada\",\"item\":\"https:\/\/cmcarmona.com\/\"},{\"@type\":\"ListItem\",\"position\":2,\"name\":\"Quienes Somos\"}]},{\"@type\":\"WebSite\",\"@id\":\"https:\/\/cmcarmona.com\/#website\",\"url\":\"https:\/\/cmcarmona.com\/\",\"name\":\"Carpinter\u00eda Met\u00e1lica Carmona\",\"description\":\"Fabricaci\u00f3n e instalaci\u00f3n de cerramientos de aluminio y PVC.\",\"publisher\":{\"@id\":\"https:\/\/cmcarmona.com\/#organization\"},\"potentialAction\":[{\"@type\":\"SearchAction\",\"target\":{\"@type\":\"EntryPoint\",\"urlTemplate\":\"https:\/\/cmcarmona.com\/?s={search_term_string}\"},\"query-input\":{\"@type\":\"PropertyValueSpecification\",\"valueRequired\":true,\"valueName\":\"search_term_string\"}}],\"inLanguage\":\"es\"},{\"@type\":\"Organization\",\"@id\":\"https:\/\/cmcarmona.com\/#organization\",\"name\":\"Carpinter\u00eda Met\u00e1lica Carmona\",\"url\":\"https:\/\/cmcarmona.com\/\",\"logo\":{\"@type\":\"ImageObject\",\"inLanguage\":\"es\",\"@id\":\"https:\/\/cmcarmona.com\/#\/schema\/logo\/image\/\",\"url\":\"http:\/\/cmcarmona.com\/wp-content\/uploads\/2025\/09\/cropped-carmona.jpg\",\"contentUrl\":\"http:\/\/cmcarmona.com\/wp-content\/uploads\/2025\/09\/cropped-carmona.jpg\",\"width\":250,\"height\":204,\"caption\":\"Carpinter\u00eda Met\u00e1lica Carmona\"},\"image\":{\"@id\":\"https:\/\/cmcarmona.com\/#\/schema\/logo\/image\/\"}}]}<\/script>\n<!-- \/ Yoast SEO plugin. -->","yoast_head_json":{"title":"Quienes Somos - Carpinter\u00eda Met\u00e1lica Carmona","robots":{"index":"index","follow":"follow","max-snippet":"max-snippet:-1","max-image-preview":"max-image-preview:large","max-video-preview":"max-video-preview:-1"},"canonical":"http:\/\/cmcarmona.com\/index.php\/quienes-somos\/","og_locale":"es_ES","og_type":"article","og_title":"Quienes Somos - Carpinter\u00eda Met\u00e1lica Carmona","og_description":"En Carpinter\u00eda Met\u00e1lica Carmona somos una empresa familiar dedicada a la fabricaci\u00f3n e instalaci\u00f3n de cerramientos de aluminio. Con experiencia [&hellip;]","og_url":"http:\/\/cmcarmona.com\/index.php\/quienes-somos\/","og_site_name":"Carpinter\u00eda Met\u00e1lica Carmona","article_modified_time":"2025-09-24T16:55:42+00:00","og_image":[{"url":"http:\/\/cmcarmona.com\/wp-content\/uploads\/2025\/09\/carmona-150x150.jpg","type":"","width":"","height":""}],"twitter_card":"summary_large_image","twitter_misc":{"Tiempo de lectura":"1 minuto"},"schema":{"@context":"https:\/\/schema.org","@graph":[{"@type":"WebPage","@id":"http:\/\/cmcarmona.com\/index.php\/quienes-somos\/","url":"http:\/\/cmcarmona.com\/index.php\/quienes-somos\/","name":"Quienes Somos - Carpinter\u00eda Met\u00e1lica Carmona","isPartOf":{"@id":"https:\/\/cmcarmona.com\/#website"},"primaryImageOfPage":{"@id":"http:\/\/cmcarmona.com\/index.php\/quienes-somos\/#primaryimage"},"image":{"@id":"http:\/\/cmcarmona.com\/index.php\/quienes-somos\/#primaryimage"},"thumbnailUrl":"http:\/\/cmcarmona.com\/wp-content\/uploads\/2025\/09\/carmona-150x150.jpg","datePublished":"2025-09-23T16:45:07+00:00","dateModified":"2025-09-24T16:55:42+00:00","breadcrumb":{"@id":"http:\/\/cmcarmona.com\/index.php\/quienes-somos\/#breadcrumb"},"inLanguage":"es","potentialAction":[{"@type":"ReadAction","target":["http:\/\/cmcarmona.com\/index.php\/quienes-somos\/"]}]},{"@type":"ImageObject","inLanguage":"es","@id":"http:\/\/cmcarmona.com\/index.php\/quienes-somos\/#primaryimage","url":"http:\/\/cmcarmona.com\/wp-content\/uploads\/2025\/09\/carmona-150x150.jpg","contentUrl":"http:\/\/cmcarmona.com\/wp-content\/uploads\/2025\/09\/carmona-150x150.jpg"},{"@type":"BreadcrumbList","@id":"http:\/\/cmcarmona.com\/index.php\/quienes-somos\/#breadcrumb","itemListElement":[{"@type":"ListItem","position":1,"name":"Portada","item":"https:\/\/cmcarmona.com\/"},{"@type":"ListItem","position":2,"name":"Quienes Somos"}]},{"@type":"WebSite","@id":"https:\/\/cmcarmona.com\/#website","url":"https:\/\/cmcarmona.com\/","name":"Carpinter\u00eda Met\u00e1lica Carmona","description":"Fabricaci\u00f3n e instalaci\u00f3n de cerramientos de aluminio y PVC.","publisher":{"@id":"https:\/\/cmcarmona.com\/#organization"},"potentialAction":[{"@type":"SearchAction","target":{"@type":"EntryPoint","urlTemplate":"https:\/\/cmcarmona.com\/?s={search_term_string}"},"query-input":{"@type":"PropertyValueSpecification","valueRequired":true,"valueName":"search_term_string"}}],"inLanguage":"es"},{"@type":"Organization","@id":"https:\/\/cmcarmona.com\/#organization","name":"Carpinter\u00eda Met\u00e1lica Carmona","url":"https:\/\/cmcarmona.com\/","logo":{"@type":"ImageObject","inLanguage":"es","@id":"https:\/\/cmcarmona.com\/#\/schema\/logo\/image\/","url":"http:\/\/cmcarmona.com\/wp-content\/uploads\/2025\/09\/cropped-carmona.jpg","contentUrl":"http:\/\/cmcarmona.com\/wp-content\/uploads\/2025\/09\/cropped-carmona.jpg","width":250,"height":204,"caption":"Carpinter\u00eda Met\u00e1lica Carmona"},"image":{"@id":"https:\/\/cmcarmona.com\/#\/schema\/logo\/image\/"}}]}},"_links":{"self":[{"href":"http:\/\/cmcarmona.com\/index.php\/wp-json\/wp\/v2\/pages\/71","targetHints":{"allow":["GET"]}}],"collection":[{"href":"http:\/\/cmcarmona.com\/index.php\/wp-json\/wp\/v2\/pages"}],"about":[{"href":"http:\/\/cmcarmona.com\/index.php\/wp-json\/wp\/v2\/types\/page"}],"author":[{"embeddable":true,"href":"http:\/\/cmcarmona.com\/index.php\/wp-json\/wp\/v2\/users\/1"}],"replies":[{"embeddable":true,"href":"http:\/\/cmcarmona.com\/index.php\/wp-json\/wp\/v2\/comments?post=71"}],"version-history":[{"count":4,"href":"http:\/\/cmcarmona.com\/index.php\/wp-json\/wp\/v2\/pages\/71\/revisions"}],"predecessor-version":[{"id":453,"href":"http:\/\/cmcarmona.com\/index.php\/wp-json\/wp\/v2\/pages\/71\/revisions\/453"}],"wp:attachment":[{"href":"http:\/\/cmcarmona.com\/index.php\/wp-json\/wp\/v2\/media?parent=71"}],"curies":[{"name":"wp","href":"https:\/\/api.w.org\/{rel}","templated":true}]}}